{"id":1576,"date":"2019-01-23T18:34:26","date_gmt":"2019-01-23T11:34:26","guid":{"rendered":"http:\/\/21911.nhandh.vinawebsite.vn\/product\/zls200hi\/"},"modified":"2024-11-29T06:14:09","modified_gmt":"2024-11-28T23:14:09","slug":"zls200hi","status":"publish","type":"product","link":"http:\/\/ductrico.com\/zh-hans\/product\/zls200hi\/","title":{"rendered":"M\u00c1Y N\u00c9N KH\u00cd TR\u1ee4C V\u00cdT BI\u1ebeN T\u1ea6N 150HP \/ ZLS150HI+"},"content":{"rendered":"<p><strong>Product Details<\/strong><\/p>\n<p>1. High Efficiency: Dual Inverter control, IE4 permanent magnet motor, grade 1 efficiency.<\/p>\n<p>2. Low RPM: Selected low-speed air end to match the permanent magnet motor.<\/p>\n<p>3. High Reliability: Benefit by low RPM, low abrasion and liquid cooling design.<\/p>\n<p>4. Low Noise: Benefit by low RPM and high precision rotor and gear.<\/p>\n<p>5. Intelligent: Touch panel display all features, alarm, control and protection.<\/p>\n<p>6. Low Temperature: Liquid cooling design to ensure temperature within70-80 degree.<\/p>\n<p>B\u1ed9 chuy\u1ec3n \u0111\u1ed5i t\u1ea7n s\u1ed1 nam ch\u00e2m v\u0129nh c\u1eedu Jaguar d\u00f2ng Hi + m\u1edbi, hi\u1ec7u su\u1ea5t cao v\u00e0 ti\u1ebft ki\u1ec7m n\u0103ng l\u01b0\u1ee3ng, ho\u1ea1t \u0111\u1ed9ng \u1ed5n \u0111\u1ecbnh. N\u00f3 l\u00e0 th\u01b0\u01a1ng hi\u1ec7u m\u00e1y n\u00e9n kh\u00ed \u0111\u01b0\u1ee3c v\u00f4 s\u1ed1 c\u00f4ng ty l\u1ef1a ch\u1ecdn. N\u00f3 \u0111\u01b0\u1ee3c s\u1eed d\u1ee5ng r\u1ed9ng r\u00e3i trong s\u1ea3n xu\u1ea5t thi\u1ebft b\u1ecb, \u00f4 t\u00f4, n\u0103ng l\u01b0\u1ee3ng \u0111i\u1ec7n, \u0111i\u1ec1u tr\u1ecb y t\u1ebf, d\u1ec7t may, quang \u0111i\u1ec7n, ch\u1ea5t b\u00e1n d\u1eabn v\u00e0 c\u00e1c l\u0129nh v\u1ef1c kh\u00e1c. Hi\u1ec7u qu\u1ea3 ti\u1ebft ki\u1ec7m n\u0103ng l\u01b0\u1ee3ng v\u00e0 gi\u1ea3m ti\u00eau th\u1ee5 r\u1ea5t r\u00f5 r\u1ec7t, gi\u00fap doanh nghi\u1ec7p ti\u1ebft gi\u1ea3m chi ph\u00ed v\u00e0 t\u0103ng hi\u1ec7u qu\u1ea3.<\/p>\n<div>D\u00f2ng m\u00e1y n\u00e9n kh\u00ed tr\u1ee5c v\u00edt bi\u1ebfn t\u1ea7n m\u1edbi c\u1ee7a Jaguar \u0111\u01b0\u1ee3c trang b\u1ecb \u0111\u1ed9ng c\u01a1 hi\u1ec7u su\u1ea5t cao bi\u1ebfn t\u1ea7n nam ch\u00e2m v\u0129nh c\u1eedu IE4, s\u01a1 \u0111\u1ed3 \u0111i\u1ec7n t\u1eeb c\u1ee7a \u0111\u1ed9ng c\u01a1 \u0111\u01b0\u1ee3c t\u1ed1i \u01b0u h\u00f3a \u0111\u00e1ng k\u1ec3, v\u00e0 hi\u1ec7u su\u1ea5t \u0111\u1ed9ng c\u01a1 \u0111\u01b0\u1ee3c c\u1ea3i thi\u1ec7n \u0111\u00e1ng k\u1ec3, do \u0111\u00f3 gi\u1ea3m \u0111\u00e1ng k\u1ec3 chi ph\u00ed s\u1eed d\u1ee5ng c\u1ee7a ng\u01b0\u1eddi d\u00f9ng v\u00e0 g\u00f3p ph\u1ea7n ti\u1ebft ki\u1ec7m h\u00f3a \u0111\u01a1n ti\u1ec1n \u0111i\u1ec7n c\u1ee7a ng\u01b0\u1eddi d\u00f9ng.<\/div>\n<div><img decoding=\"async\" class=\"aligncenter entered lazyloaded\" src=\"https:\/\/www.jaguar-compressor.com\/public\/attachment\/images\/20220117\/ce29e98c6475915cf17ed2a896da896a.png\" data-lazy-src=\"https:\/\/www.jaguar-compressor.com\/public\/attachment\/images\/20220117\/ce29e98c6475915cf17ed2a896da896a.png\" data-ll-status=\"loaded\" \/><\/div>\n<div>\u0110\u1ed9ng c\u01a1 bi\u1ebfn t\u1ea7n nam ch\u00e2m v\u0129nh c\u1eedu IE4 s\u1eed d\u1ee5ng v\u1eadt li\u1ec7u\u00a0 hi\u1ebfm NdFeB, trong \u0111\u00f3 NdFeB (NdFeB) l\u00e0 nam ch\u00e2m v\u0129nh c\u1eedu c\u00f3 hi\u1ec7u su\u1ea5t si\u00eau cao trong s\u1ed1 c\u00e1c nam ch\u00e2m hi\u1ec7n \u0111\u1ea1i, v\u1edbi t\u1eeb xa cao, l\u1ef1c kh\u00e1ng t\u1eeb cao, s\u1ea3n ph\u1ea9m n\u0103ng l\u01b0\u1ee3ng t\u1eeb tr\u01b0\u1eddng cao, hi\u1ec7u su\u1ea5t cao v\u00e0 t\u1ef7 l\u1ec7 gi\u00e1 c\u1ea3 v\u00e0 c\u00e1c \u0111\u1eb7c \u0111i\u1ec3m kh\u00e1c, v\u00e0 d\u1ec5 d\u00e0ng gia c\u00f4ng th\u00e0nh c\u00e1c k\u00edch th\u01b0\u1edbc kh\u00e1c nhau, \u0111\u00e3 \u0111\u01b0\u1ee3c s\u1eed d\u1ee5ng r\u1ed9ng r\u00e3i trong \u0111i\u1ec7n t\u1eed, \u0111i\u1ec7n \u00e2m, c\u01a1 \u0111i\u1ec7n, d\u1ee5ng c\u1ee5, m\u00e1y \u0111o, c\u00f4ng ngh\u1ec7 y t\u1ebf v\u00e0 c\u00e1c thi\u1ebft b\u1ecb v\u00e0 d\u1ee5ng c\u1ee5 kh\u00e1c y\u00eau c\u1ea7u t\u1eeb tr\u01b0\u1eddng v\u0129nh c\u1eedu. \u0110\u1ed9ng c\u01a1 bi\u1ebfn t\u1ea7n nam ch\u00e2m v\u0129nh c\u1eedu l\u00e0 thi\u1ebft b\u1ecb thi\u1ebft l\u1eadp t\u1eeb tr\u01b0\u1eddng k\u00edch th\u00edch b\u1eb1ng nam ch\u00e2m v\u0129nh c\u1eedu, t\u1eeb \u0111\u00f3 th\u1ef1c hi\u1ec7n chuy\u1ec3n h\u00f3a n\u0103ng l\u01b0\u1ee3ng c\u01a1 \u0111i\u1ec7n m\u1ed9t c\u00e1ch hi\u1ec7u qu\u1ea3. N\u00f3 quay \u0111\u1ed3ng b\u1ed9 gi\u1ed1ng nh\u01b0 \u0111\u1ed9ng c\u01a1 \u0111i\u1ec7n \u0111\u1ed3ng b\u1ed9 k\u00edch t\u1eeb hay c\u00f2n g\u1ecdi l\u00e0 \u0111\u1ed9ng c\u01a1 \u0111\u1ed3ng b\u1ed9 nam ch\u00e2m v\u0129nh c\u1eedu. So v\u1edbi \u0111\u1ed9ng c\u01a1 \u0111i\u1ec7n \u0111\u1ed3ng b\u1ed9 k\u00edch t\u1eeb, \u0111\u1ed9ng c\u01a1 bi\u1ebfn t\u1ea7n nam ch\u00e2m v\u0129nh c\u1eedu c\u00f3 c\u00e1c \u0111\u1eb7c \u0111i\u1ec3m v\u1ec1 hi\u1ec7u su\u1ea5t n\u0103ng l\u01b0\u1ee3ng tuy\u1ec7t v\u1eddi (l\u00ean \u0111\u1ebfn IE4), k\u1ebft c\u1ea5u nh\u1ecf g\u1ecdn, k\u00edch th\u01b0\u1edbc nh\u1ecf v\u00e0 tr\u1ecdng l\u01b0\u1ee3ng nh\u1eb9.<\/div>\n<p><img decoding=\"async\" class=\"aligncenter entered lazyloaded\" src=\"https:\/\/www.jaguar-compressor.com\/public\/attachment\/images\/20220117\/f2007b03b7de82fca133aeccb9f45332.png\" data-lazy-src=\"https:\/\/www.jaguar-compressor.com\/public\/attachment\/images\/20220117\/f2007b03b7de82fca133aeccb9f45332.png\" data-ll-status=\"loaded\" \/><\/p>\n<div>Trong v\u00f2ng \u0111\u1eddi c\u1ee7a m\u00e1y n\u00e9n kh\u00ed, g\u1ea7n 80% chi ph\u00ed s\u1eed d\u1ee5ng \u0111\u01b0\u1ee3c chi cho vi\u1ec7c s\u1eed d\u1ee5ng \u0111i\u1ec7n. Nghi\u00eam tr\u1ecdng h\u01a1n, g\u1ea7n 30% \u0111\u1ebfn 40% n\u0103ng l\u01b0\u1ee3ng do c\u00f4ng nghi\u1ec7p s\u1ea3n xu\u1ea5t \u0111\u01b0\u1ee3c chi cho m\u00e1y n\u00e9n kh\u00ed. V\u00ec v\u1eady, \u0111\u1ec3 gi\u1ea3m \u0111\u00e1ng k\u1ec3 chi ph\u00ed n\u0103ng l\u01b0\u1ee3ng c\u1ee7a b\u1ea1n, m\u00e1y tr\u1ee5c v\u00edt nam ch\u00e2m v\u0129nh c\u1eedu Jaguar tr\u00e2n tr\u1ecdng gi\u1edbi thi\u1ec7u d\u00f2ng m\u00e1y n\u00e9n kh\u00ed nam ch\u00e2m v\u0129nh c\u1eedu bi\u1ebfn t\u1ea7n VSD Jaguar \u0111\u1ebfn b\u1ea1n. C\u00f4ng ngh\u1ec7 \u0111i\u1ec1u khi\u1ec3n t\u1ea7n s\u1ed1 bi\u1ebfn thi\u00ean VSD \u0111\u00e3 \u0111\u01b0\u1ee3c \u1ee9ng d\u1ee5ng th\u00e0nh c\u00f4ng trong l\u0129nh v\u1ef1c m\u00e1y n\u00e9n kh\u00ed trong nhi\u1ec1u n\u0103m, v\u00e0 \u0111\u00e3 \u0111\u01b0\u1ee3c \u1ee9ng d\u1ee5ng th\u00e0nh c\u00f4ng trong nhi\u1ec1u l\u0129nh v\u1ef1c quan tr\u1ecdng, g\u00f3p ph\u1ea7n ti\u00ean ti\u1ebfn trong vi\u1ec7c ti\u1ebft ki\u1ec7m n\u0103ng l\u01b0\u1ee3ng v\u00e0 b\u1ea3o v\u1ec7 m\u00f4i tr\u01b0\u1eddng. Nh\u1edd s\u1ef1 \u0111\u1ea7u t\u01b0 k\u1ef9 thu\u1eadt d\u00e0i h\u1ea1n c\u1ee7a Jaguar Air Compressor v\u00e0o c\u00f4ng ngh\u1ec7 \u0111i\u1ec1u khi\u1ec3n t\u1ea7n s\u1ed1 bi\u1ebfn thi\u00ean VSD, Jaguar Air Compressor c\u00f3 th\u1ec3 cung c\u1ea5p m\u00e1y n\u00e9n kh\u00ed bi\u1ebfn t\u1ea7n ki\u1ec3u tr\u1ee5c v\u00edt ho\u00e0n thi\u1ec7n v\u00e0 \u0111\u00e1ng tin c\u1eady, \u0111\u1ed3ng th\u1eddi cung c\u1ea5p cho b\u1ea1n c\u00e1c gi\u1ea3i ph\u00e1p ti\u1ebft ki\u1ec7m n\u0103ng l\u01b0\u1ee3ng chuy\u00ean nghi\u1ec7p!<\/div>\n<div><\/div>\n<div>C\u00f4ng ngh\u1ec7 \u0111i\u1ec1u khi\u1ec3n chuy\u1ec3n \u0111\u1ed5i t\u1ea7n s\u1ed1 VSD c\u1ee7a d\u00f2ng m\u00e1y chuy\u1ec3n \u0111\u1ed5i t\u1ea7n s\u1ed1 nam ch\u00e2m v\u0129nh c\u1eedu Jaguar ph\u00f9 h\u1ee3p ch\u1eb7t ch\u1ebd v\u1edbi y\u00eau c\u1ea7u s\u1eed d\u1ee5ng kh\u00f4ng kh\u00ed th\u1ef1c t\u1ebf M\u00e1y n\u00e9n kh\u00ed ho\u00e0n to\u00e0n t\u1ef1 \u0111\u1ed9ng \u0111i\u1ec1u ch\u1ec9nh \u0111i\u1ec1u ch\u1ec9nh chuy\u1ec3n \u0111\u1ed5i t\u1ea7n s\u1ed1 v\u1edbi \u00e1p su\u1ea5t kh\u00f4ng kh\u00ed c\u1ee7a ng\u01b0\u1eddi d\u00f9ng, ho\u00e0n to\u00e0n t\u1ef1 \u0111\u1ed9ng \u0111\u00e1p \u1ee9ng nhu c\u1ea7u s\u1eed d\u1ee5ng kh\u00f4ng kh\u00ed th\u1ef1c t\u1ebf c\u1ee7a ng\u01b0\u1eddi d\u00f9ng \u0111\u1ec3 ti\u1ebft ki\u1ec7m n\u0103ng l\u01b0\u1ee3ng \u0111\u00e1ng k\u1ec3. T\u1ee9c l\u00e0, th\u00f4ng qua nguy\u00ean t\u1eafc n\u00e0y, chi ph\u00ed n\u0103ng l\u01b0\u1ee3ng c\u1ee7a m\u00e1y n\u00e9n kh\u00ed c\u00f3 th\u1ec3 \u0111\u01b0\u1ee3c ti\u1ebft ki\u1ec7m r\u1ea5t nhi\u1ec1u t\u1edbi 50%.<\/div>\n<p><img decoding=\"async\" class=\"entered lazyloaded\" src=\"https:\/\/www.jaguar-compressor.com\/ueditor\/php\/upload\/image\/20220720\/1658304158830291.jpg\" data-lazy-src=\"https:\/\/www.jaguar-compressor.com\/ueditor\/php\/upload\/image\/20220720\/1658304158830291.jpg\" data-ll-status=\"loaded\" \/><\/p>\n<p><img decoding=\"async\" src=\"https:\/\/www.jaguar-compressor.com\/ueditor\/php\/upload\/image\/20220720\/1658304159743500.jpg\" \/><\/p>\n","protected":false},"excerpt":{"rendered":"<p>Product Details 1. High Efficiency: Dual Inverter contr<\/p>\n","protected":false},"featured_media":2813,"comment_status":"open","ping_status":"closed","template":"","meta":[],"product_brand":[],"product_cat":[188,105],"product_tag":[],"class_list":{"0":"post-1576","1":"product","2":"type-product","3":"status-publish","4":"has-post-thumbnail","6":"product_cat-may-nen-khi-truc-vit-dong-truc-motor-giai-nhiet-nuoc-zh-hans","7":"product_cat-jaguar-zh-hans","9":"first","10":"instock","11":"shipping-taxable","12":"product-type-simple"},"yoast_head":"<!-- This site is optimized with the Yoast SEO plugin v24.7 - https:\/\/yoast.com\/wordpress\/plugins\/seo\/ -->\n<title>M\u00c1Y N\u00c9N KH\u00cd TR\u1ee4C V\u00cdT BI\u1ebeN T\u1ea6N 150HP \/ ZLS150HI+ - ductrico.com<\/title>\n<meta name=\"robots\" content=\"index, follow, max-snippet:-1, max-image-preview:large, max-video-preview:-1\" \/>\n<link rel=\"canonical\" href=\"https:\/\/ductrico.com\/zh-hans\/product\/zls200hi\/\" \/>\n<meta property=\"og:locale\" content=\"zh_CN\" \/>\n<meta property=\"og:type\" content=\"article\" \/>\n<meta property=\"og:title\" content=\"M\u00c1Y N\u00c9N KH\u00cd TR\u1ee4C V\u00cdT BI\u1ebeN T\u1ea6N 150HP \/ ZLS150HI+ - ductrico.com\" \/>\n<meta property=\"og:description\" content=\"Product Details 1. High Efficiency: Dual Inverter contr\" \/>\n<meta property=\"og:url\" content=\"https:\/\/ductrico.com\/zh-hans\/product\/zls200hi\/\" \/>\n<meta property=\"og:site_name\" content=\"ductrico.com\" \/>\n<meta property=\"article:modified_time\" content=\"2024-11-28T23:14:09+00:00\" \/>\n<meta property=\"og:image\" content=\"https:\/\/ductrico.com\/wp-content\/uploads\/2019\/01\/ZLS150HI-1.jpg\" \/>\n\t<meta property=\"og:image:width\" content=\"800\" \/>\n\t<meta property=\"og:image:height\" content=\"655\" \/>\n\t<meta property=\"og:image:type\" content=\"image\/jpeg\" \/>\n<meta name=\"twitter:card\" content=\"summary_large_image\" \/>\n<meta name=\"twitter:label1\" content=\"\u9884\u8ba1\u9605\u8bfb\u65f6\u95f4\" \/>\n\t<meta name=\"twitter:data1\" content=\"6 \u5206\" \/>\n<script type=\"application\/ld+json\" class=\"yoast-schema-graph\">{\"@context\":\"https:\/\/schema.org\",\"@graph\":[{\"@type\":\"WebPage\",\"@id\":\"https:\/\/ductrico.com\/zh-hans\/product\/zls200hi\/\",\"url\":\"https:\/\/ductrico.com\/zh-hans\/product\/zls200hi\/\",\"name\":\"M\u00c1Y N\u00c9N KH\u00cd TR\u1ee4C V\u00cdT BI\u1ebeN T\u1ea6N 150HP \/ ZLS150HI+ - ductrico.com\",\"isPartOf\":{\"@id\":\"https:\/\/ductrico.com\/en\/#website\"},\"primaryImageOfPage\":{\"@id\":\"https:\/\/ductrico.com\/zh-hans\/product\/zls200hi\/#primaryimage\"},\"image\":{\"@id\":\"https:\/\/ductrico.com\/zh-hans\/product\/zls200hi\/#primaryimage\"},\"thumbnailUrl\":\"http:\/\/ductrico.com\/wp-content\/uploads\/2019\/01\/ZLS150HI-1.jpg\",\"datePublished\":\"2019-01-23T11:34:26+00:00\",\"dateModified\":\"2024-11-28T23:14:09+00:00\",\"breadcrumb\":{\"@id\":\"https:\/\/ductrico.com\/zh-hans\/product\/zls200hi\/#breadcrumb\"},\"inLanguage\":\"zh-Hans\",\"potentialAction\":[{\"@type\":\"ReadAction\",\"target\":[\"https:\/\/ductrico.com\/zh-hans\/product\/zls200hi\/\"]}]},{\"@type\":\"ImageObject\",\"inLanguage\":\"zh-Hans\",\"@id\":\"https:\/\/ductrico.com\/zh-hans\/product\/zls200hi\/#primaryimage\",\"url\":\"http:\/\/ductrico.com\/wp-content\/uploads\/2019\/01\/ZLS150HI-1.jpg\",\"contentUrl\":\"http:\/\/ductrico.com\/wp-content\/uploads\/2019\/01\/ZLS150HI-1.jpg\",\"width\":800,\"height\":655},{\"@type\":\"BreadcrumbList\",\"@id\":\"https:\/\/ductrico.com\/zh-hans\/product\/zls200hi\/#breadcrumb\",\"itemListElement\":[{\"@type\":\"ListItem\",\"position\":1,\"name\":\"Home\",\"item\":\"http:\/\/ductrico.com\/zh-hans\/\"},{\"@type\":\"ListItem\",\"position\":2,\"name\":\"Shop\",\"item\":\"http:\/\/ductrico.com\/zh-hans\/shop\/\"},{\"@type\":\"ListItem\",\"position\":3,\"name\":\"M\u00c1Y N\u00c9N KH\u00cd TR\u1ee4C V\u00cdT BI\u1ebeN T\u1ea6N 150HP \/ ZLS150HI+\"}]},{\"@type\":\"WebSite\",\"@id\":\"https:\/\/ductrico.com\/en\/#website\",\"url\":\"https:\/\/ductrico.com\/en\/\",\"name\":\"ductrico.com\",\"description\":\"\",\"potentialAction\":[{\"@type\":\"SearchAction\",\"target\":{\"@type\":\"EntryPoint\",\"urlTemplate\":\"https:\/\/ductrico.com\/en\/?s={search_term_string}\"},\"query-input\":{\"@type\":\"PropertyValueSpecification\",\"valueRequired\":true,\"valueName\":\"search_term_string\"}}],\"inLanguage\":\"zh-Hans\"}]}<\/script>\n<!-- \/ Yoast SEO plugin. -->","yoast_head_json":{"title":"M\u00c1Y N\u00c9N KH\u00cd TR\u1ee4C V\u00cdT BI\u1ebeN T\u1ea6N 150HP \/ ZLS150HI+ - ductrico.com","robots":{"index":"index","follow":"follow","max-snippet":"max-snippet:-1","max-image-preview":"max-image-preview:large","max-video-preview":"max-video-preview:-1"},"canonical":"https:\/\/ductrico.com\/zh-hans\/product\/zls200hi\/","og_locale":"zh_CN","og_type":"article","og_title":"M\u00c1Y N\u00c9N KH\u00cd TR\u1ee4C V\u00cdT BI\u1ebeN T\u1ea6N 150HP \/ ZLS150HI+ - ductrico.com","og_description":"Product Details 1. High Efficiency: Dual Inverter contr","og_url":"https:\/\/ductrico.com\/zh-hans\/product\/zls200hi\/","og_site_name":"ductrico.com","article_modified_time":"2024-11-28T23:14:09+00:00","og_image":[{"width":800,"height":655,"url":"https:\/\/ductrico.com\/wp-content\/uploads\/2019\/01\/ZLS150HI-1.jpg","type":"image\/jpeg"}],"twitter_card":"summary_large_image","twitter_misc":{"\u9884\u8ba1\u9605\u8bfb\u65f6\u95f4":"6 \u5206"},"schema":{"@context":"https:\/\/schema.org","@graph":[{"@type":"WebPage","@id":"https:\/\/ductrico.com\/zh-hans\/product\/zls200hi\/","url":"https:\/\/ductrico.com\/zh-hans\/product\/zls200hi\/","name":"M\u00c1Y N\u00c9N KH\u00cd TR\u1ee4C V\u00cdT BI\u1ebeN T\u1ea6N 150HP \/ ZLS150HI+ - ductrico.com","isPartOf":{"@id":"https:\/\/ductrico.com\/en\/#website"},"primaryImageOfPage":{"@id":"https:\/\/ductrico.com\/zh-hans\/product\/zls200hi\/#primaryimage"},"image":{"@id":"https:\/\/ductrico.com\/zh-hans\/product\/zls200hi\/#primaryimage"},"thumbnailUrl":"http:\/\/ductrico.com\/wp-content\/uploads\/2019\/01\/ZLS150HI-1.jpg","datePublished":"2019-01-23T11:34:26+00:00","dateModified":"2024-11-28T23:14:09+00:00","breadcrumb":{"@id":"https:\/\/ductrico.com\/zh-hans\/product\/zls200hi\/#breadcrumb"},"inLanguage":"zh-Hans","potentialAction":[{"@type":"ReadAction","target":["https:\/\/ductrico.com\/zh-hans\/product\/zls200hi\/"]}]},{"@type":"ImageObject","inLanguage":"zh-Hans","@id":"https:\/\/ductrico.com\/zh-hans\/product\/zls200hi\/#primaryimage","url":"http:\/\/ductrico.com\/wp-content\/uploads\/2019\/01\/ZLS150HI-1.jpg","contentUrl":"http:\/\/ductrico.com\/wp-content\/uploads\/2019\/01\/ZLS150HI-1.jpg","width":800,"height":655},{"@type":"BreadcrumbList","@id":"https:\/\/ductrico.com\/zh-hans\/product\/zls200hi\/#breadcrumb","itemListElement":[{"@type":"ListItem","position":1,"name":"Home","item":"http:\/\/ductrico.com\/zh-hans\/"},{"@type":"ListItem","position":2,"name":"Shop","item":"http:\/\/ductrico.com\/zh-hans\/shop\/"},{"@type":"ListItem","position":3,"name":"M\u00c1Y N\u00c9N KH\u00cd TR\u1ee4C V\u00cdT BI\u1ebeN T\u1ea6N 150HP \/ ZLS150HI+"}]},{"@type":"WebSite","@id":"https:\/\/ductrico.com\/en\/#website","url":"https:\/\/ductrico.com\/en\/","name":"ductrico.com","description":"","potentialAction":[{"@type":"SearchAction","target":{"@type":"EntryPoint","urlTemplate":"https:\/\/ductrico.com\/en\/?s={search_term_string}"},"query-input":{"@type":"PropertyValueSpecification","valueRequired":true,"valueName":"search_term_string"}}],"inLanguage":"zh-Hans"}]}},"_links":{"self":[{"href":"http:\/\/ductrico.com\/zh-hans\/wp-json\/wp\/v2\/product\/1576","targetHints":{"allow":["GET"]}}],"collection":[{"href":"http:\/\/ductrico.com\/zh-hans\/wp-json\/wp\/v2\/product"}],"about":[{"href":"http:\/\/ductrico.com\/zh-hans\/wp-json\/wp\/v2\/types\/product"}],"replies":[{"embeddable":true,"href":"http:\/\/ductrico.com\/zh-hans\/wp-json\/wp\/v2\/comments?post=1576"}],"wp:featuredmedia":[{"embeddable":true,"href":"http:\/\/ductrico.com\/zh-hans\/wp-json\/wp\/v2\/media\/2813"}],"wp:attachment":[{"href":"http:\/\/ductrico.com\/zh-hans\/wp-json\/wp\/v2\/media?parent=1576"}],"wp:term":[{"taxonomy":"product_brand","embeddable":true,"href":"http:\/\/ductrico.com\/zh-hans\/wp-json\/wp\/v2\/product_brand?post=1576"},{"taxonomy":"product_cat","embeddable":true,"href":"http:\/\/ductrico.com\/zh-hans\/wp-json\/wp\/v2\/product_cat?post=1576"},{"taxonomy":"product_tag","embeddable":true,"href":"http:\/\/ductrico.com\/zh-hans\/wp-json\/wp\/v2\/product_tag?post=1576"}],"curies":[{"name":"wp","href":"https:\/\/api.w.org\/{rel}","templated":true}]}}