{"id":1609,"date":"2019-02-12T16:53:37","date_gmt":"2019-02-12T09:53:37","guid":{"rendered":"http:\/\/ductrico.com\/product\/dau-may-nen-khi-daphne-idemitsu\/"},"modified":"2024-01-16T18:38:55","modified_gmt":"2024-01-16T11:38:55","slug":"daphne-idemitsu%e7%a9%ba%e5%8e%8b%e6%9c%ba%e6%b2%b9","status":"publish","type":"product","link":"http:\/\/ductrico.com\/zh-hans\/product\/daphne-idemitsu%e7%a9%ba%e5%8e%8b%e6%9c%ba%e6%b2%b9\/","title":{"rendered":"DAPHNE IDEMITSU\u7a7a\u538b\u673a\u6cb9"},"content":{"rendered":"<p>D\u1ea6U M\u00c1Y N\u00c9N KH\u00cd TR\u1ee4C V\u00cdT<\/p>\n<p>TH\u01af\u01a0NG HI\u1ec6U IDEMITSU &#8211; NH\u1eacT B\u1ea2N<\/p>\n<p>MODEL: DAPHNE<\/p>\n<p>DUNG T\u00cdCH: 20 L\u00cdT\/TH\u00d9NG<\/p>\n","protected":false},"excerpt":{"rendered":"<p>D\u1ea6U M\u00c1Y N\u00c9N KH\u00cd TR\u1ee4C V\u00cdT<\/p>\n<p>TH\u01af\u01a0NG HI\u1ec6U IDEMITSU &#8211; NH\u1eacT B\u1ea2N<\/p>\n<p>MODEL: DAPHNE<\/p>\n<p>DUNG T\u00cdCH: 20 L\u00cdT\/TH\u00d9NG<\/p>\n","protected":false},"featured_media":1607,"comment_status":"open","ping_status":"closed","template":"","meta":[],"product_brand":[],"product_cat":[100,164],"product_tag":[],"class_list":{"0":"post-1609","1":"product","2":"type-product","3":"status-publish","4":"has-post-thumbnail","6":"product_cat-100","7":"product_cat-164","9":"first","10":"instock","11":"shipping-taxable","12":"product-type-simple"},"yoast_head":"<!-- This site is optimized with the Yoast SEO plugin v24.7 - https:\/\/yoast.com\/wordpress\/plugins\/seo\/ -->\n<title>DAPHNE IDEMITSU\u7a7a\u538b\u673a\u6cb9 - ductrico.com<\/title>\n<meta name=\"robots\" content=\"index, follow, max-snippet:-1, max-image-preview:large, max-video-preview:-1\" \/>\n<link rel=\"canonical\" href=\"http:\/\/ductrico.com\/zh-hans\/product\/daphne-idemitsu\u7a7a\u538b\u673a\u6cb9\/\" \/>\n<meta property=\"og:locale\" content=\"zh_CN\" \/>\n<meta property=\"og:type\" content=\"article\" \/>\n<meta property=\"og:title\" content=\"DAPHNE IDEMITSU\u7a7a\u538b\u673a\u6cb9 - ductrico.com\" \/>\n<meta property=\"og:description\" content=\"D\u1ea6U M\u00c1Y N\u00c9N KH\u00cd TR\u1ee4C V\u00cdT  TH\u01af\u01a0NG HI\u1ec6U IDEMITSU - NH\u1eacT B\u1ea2N  MODEL: DAPHNE  DUNG T\u00cdCH: 20 L\u00cdT\/TH\u00d9NG\" \/>\n<meta property=\"og:url\" content=\"http:\/\/ductrico.com\/zh-hans\/product\/daphne-idemitsu\u7a7a\u538b\u673a\u6cb9\/\" \/>\n<meta property=\"og:site_name\" content=\"ductrico.com\" \/>\n<meta property=\"article:modified_time\" content=\"2024-01-16T11:38:55+00:00\" \/>\n<meta property=\"og:image\" content=\"http:\/\/ductrico.com\/wp-content\/uploads\/2019\/02\/dau-daphne-314x314.jpg\" \/>\n\t<meta property=\"og:image:width\" content=\"314\" \/>\n\t<meta property=\"og:image:height\" content=\"314\" \/>\n\t<meta property=\"og:image:type\" content=\"image\/jpeg\" \/>\n<meta name=\"twitter:card\" content=\"summary_large_image\" \/>\n<script type=\"application\/ld+json\" class=\"yoast-schema-graph\">{\"@context\":\"https:\/\/schema.org\",\"@graph\":[{\"@type\":\"WebPage\",\"@id\":\"http:\/\/ductrico.com\/zh-hans\/product\/daphne-idemitsu%e7%a9%ba%e5%8e%8b%e6%9c%ba%e6%b2%b9\/\",\"url\":\"http:\/\/ductrico.com\/zh-hans\/product\/daphne-idemitsu%e7%a9%ba%e5%8e%8b%e6%9c%ba%e6%b2%b9\/\",\"name\":\"DAPHNE IDEMITSU\u7a7a\u538b\u673a\u6cb9 - ductrico.com\",\"isPartOf\":{\"@id\":\"http:\/\/ductrico.com\/en\/#website\"},\"primaryImageOfPage\":{\"@id\":\"http:\/\/ductrico.com\/zh-hans\/product\/daphne-idemitsu%e7%a9%ba%e5%8e%8b%e6%9c%ba%e6%b2%b9\/#primaryimage\"},\"image\":{\"@id\":\"http:\/\/ductrico.com\/zh-hans\/product\/daphne-idemitsu%e7%a9%ba%e5%8e%8b%e6%9c%ba%e6%b2%b9\/#primaryimage\"},\"thumbnailUrl\":\"http:\/\/ductrico.com\/wp-content\/uploads\/2019\/02\/dau-daphne-314x314.jpg\",\"datePublished\":\"2019-02-12T09:53:37+00:00\",\"dateModified\":\"2024-01-16T11:38:55+00:00\",\"breadcrumb\":{\"@id\":\"http:\/\/ductrico.com\/zh-hans\/product\/daphne-idemitsu%e7%a9%ba%e5%8e%8b%e6%9c%ba%e6%b2%b9\/#breadcrumb\"},\"inLanguage\":\"zh-Hans\",\"potentialAction\":[{\"@type\":\"ReadAction\",\"target\":[\"http:\/\/ductrico.com\/zh-hans\/product\/daphne-idemitsu%e7%a9%ba%e5%8e%8b%e6%9c%ba%e6%b2%b9\/\"]}]},{\"@type\":\"ImageObject\",\"inLanguage\":\"zh-Hans\",\"@id\":\"http:\/\/ductrico.com\/zh-hans\/product\/daphne-idemitsu%e7%a9%ba%e5%8e%8b%e6%9c%ba%e6%b2%b9\/#primaryimage\",\"url\":\"http:\/\/ductrico.com\/wp-content\/uploads\/2019\/02\/dau-daphne-314x314.jpg\",\"contentUrl\":\"http:\/\/ductrico.com\/wp-content\/uploads\/2019\/02\/dau-daphne-314x314.jpg\",\"width\":314,\"height\":314},{\"@type\":\"BreadcrumbList\",\"@id\":\"http:\/\/ductrico.com\/zh-hans\/product\/daphne-idemitsu%e7%a9%ba%e5%8e%8b%e6%9c%ba%e6%b2%b9\/#breadcrumb\",\"itemListElement\":[{\"@type\":\"ListItem\",\"position\":1,\"name\":\"Home\",\"item\":\"https:\/\/ductrico.com\/zh-hans\/\"},{\"@type\":\"ListItem\",\"position\":2,\"name\":\"Shop\",\"item\":\"https:\/\/ductrico.com\/zh-hans\/shop\/\"},{\"@type\":\"ListItem\",\"position\":3,\"name\":\"DAPHNE IDEMITSU\u7a7a\u538b\u673a\u6cb9\"}]},{\"@type\":\"WebSite\",\"@id\":\"http:\/\/ductrico.com\/en\/#website\",\"url\":\"http:\/\/ductrico.com\/en\/\",\"name\":\"ductrico.com\",\"description\":\"\",\"potentialAction\":[{\"@type\":\"SearchAction\",\"target\":{\"@type\":\"EntryPoint\",\"urlTemplate\":\"http:\/\/ductrico.com\/en\/?s={search_term_string}\"},\"query-input\":{\"@type\":\"PropertyValueSpecification\",\"valueRequired\":true,\"valueName\":\"search_term_string\"}}],\"inLanguage\":\"zh-Hans\"}]}<\/script>\n<!-- \/ Yoast SEO plugin. -->","yoast_head_json":{"title":"DAPHNE IDEMITSU\u7a7a\u538b\u673a\u6cb9 - ductrico.com","robots":{"index":"index","follow":"follow","max-snippet":"max-snippet:-1","max-image-preview":"max-image-preview:large","max-video-preview":"max-video-preview:-1"},"canonical":"http:\/\/ductrico.com\/zh-hans\/product\/daphne-idemitsu\u7a7a\u538b\u673a\u6cb9\/","og_locale":"zh_CN","og_type":"article","og_title":"DAPHNE IDEMITSU\u7a7a\u538b\u673a\u6cb9 - ductrico.com","og_description":"D\u1ea6U M\u00c1Y N\u00c9N KH\u00cd TR\u1ee4C V\u00cdT  TH\u01af\u01a0NG HI\u1ec6U IDEMITSU - NH\u1eacT B\u1ea2N  MODEL: DAPHNE  DUNG T\u00cdCH: 20 L\u00cdT\/TH\u00d9NG","og_url":"http:\/\/ductrico.com\/zh-hans\/product\/daphne-idemitsu\u7a7a\u538b\u673a\u6cb9\/","og_site_name":"ductrico.com","article_modified_time":"2024-01-16T11:38:55+00:00","og_image":[{"width":314,"height":314,"url":"http:\/\/ductrico.com\/wp-content\/uploads\/2019\/02\/dau-daphne-314x314.jpg","type":"image\/jpeg"}],"twitter_card":"summary_large_image","schema":{"@context":"https:\/\/schema.org","@graph":[{"@type":"WebPage","@id":"http:\/\/ductrico.com\/zh-hans\/product\/daphne-idemitsu%e7%a9%ba%e5%8e%8b%e6%9c%ba%e6%b2%b9\/","url":"http:\/\/ductrico.com\/zh-hans\/product\/daphne-idemitsu%e7%a9%ba%e5%8e%8b%e6%9c%ba%e6%b2%b9\/","name":"DAPHNE IDEMITSU\u7a7a\u538b\u673a\u6cb9 - ductrico.com","isPartOf":{"@id":"http:\/\/ductrico.com\/en\/#website"},"primaryImageOfPage":{"@id":"http:\/\/ductrico.com\/zh-hans\/product\/daphne-idemitsu%e7%a9%ba%e5%8e%8b%e6%9c%ba%e6%b2%b9\/#primaryimage"},"image":{"@id":"http:\/\/ductrico.com\/zh-hans\/product\/daphne-idemitsu%e7%a9%ba%e5%8e%8b%e6%9c%ba%e6%b2%b9\/#primaryimage"},"thumbnailUrl":"http:\/\/ductrico.com\/wp-content\/uploads\/2019\/02\/dau-daphne-314x314.jpg","datePublished":"2019-02-12T09:53:37+00:00","dateModified":"2024-01-16T11:38:55+00:00","breadcrumb":{"@id":"http:\/\/ductrico.com\/zh-hans\/product\/daphne-idemitsu%e7%a9%ba%e5%8e%8b%e6%9c%ba%e6%b2%b9\/#breadcrumb"},"inLanguage":"zh-Hans","potentialAction":[{"@type":"ReadAction","target":["http:\/\/ductrico.com\/zh-hans\/product\/daphne-idemitsu%e7%a9%ba%e5%8e%8b%e6%9c%ba%e6%b2%b9\/"]}]},{"@type":"ImageObject","inLanguage":"zh-Hans","@id":"http:\/\/ductrico.com\/zh-hans\/product\/daphne-idemitsu%e7%a9%ba%e5%8e%8b%e6%9c%ba%e6%b2%b9\/#primaryimage","url":"http:\/\/ductrico.com\/wp-content\/uploads\/2019\/02\/dau-daphne-314x314.jpg","contentUrl":"http:\/\/ductrico.com\/wp-content\/uploads\/2019\/02\/dau-daphne-314x314.jpg","width":314,"height":314},{"@type":"BreadcrumbList","@id":"http:\/\/ductrico.com\/zh-hans\/product\/daphne-idemitsu%e7%a9%ba%e5%8e%8b%e6%9c%ba%e6%b2%b9\/#breadcrumb","itemListElement":[{"@type":"ListItem","position":1,"name":"Home","item":"https:\/\/ductrico.com\/zh-hans\/"},{"@type":"ListItem","position":2,"name":"Shop","item":"https:\/\/ductrico.com\/zh-hans\/shop\/"},{"@type":"ListItem","position":3,"name":"DAPHNE IDEMITSU\u7a7a\u538b\u673a\u6cb9"}]},{"@type":"WebSite","@id":"http:\/\/ductrico.com\/en\/#website","url":"http:\/\/ductrico.com\/en\/","name":"ductrico.com","description":"","potentialAction":[{"@type":"SearchAction","target":{"@type":"EntryPoint","urlTemplate":"http:\/\/ductrico.com\/en\/?s={search_term_string}"},"query-input":{"@type":"PropertyValueSpecification","valueRequired":true,"valueName":"search_term_string"}}],"inLanguage":"zh-Hans"}]}},"_links":{"self":[{"href":"http:\/\/ductrico.com\/zh-hans\/wp-json\/wp\/v2\/product\/1609","targetHints":{"allow":["GET"]}}],"collection":[{"href":"http:\/\/ductrico.com\/zh-hans\/wp-json\/wp\/v2\/product"}],"about":[{"href":"http:\/\/ductrico.com\/zh-hans\/wp-json\/wp\/v2\/types\/product"}],"replies":[{"embeddable":true,"href":"http:\/\/ductrico.com\/zh-hans\/wp-json\/wp\/v2\/comments?post=1609"}],"wp:featuredmedia":[{"embeddable":true,"href":"http:\/\/ductrico.com\/zh-hans\/wp-json\/wp\/v2\/media\/1607"}],"wp:attachment":[{"href":"http:\/\/ductrico.com\/zh-hans\/wp-json\/wp\/v2\/media?parent=1609"}],"wp:term":[{"taxonomy":"product_brand","embeddable":true,"href":"http:\/\/ductrico.com\/zh-hans\/wp-json\/wp\/v2\/product_brand?post=1609"},{"taxonomy":"product_cat","embeddable":true,"href":"http:\/\/ductrico.com\/zh-hans\/wp-json\/wp\/v2\/product_cat?post=1609"},{"taxonomy":"product_tag","embeddable":true,"href":"http:\/\/ductrico.com\/zh-hans\/wp-json\/wp\/v2\/product_tag?post=1609"}],"curies":[{"name":"wp","href":"https:\/\/api.w.org\/{rel}","templated":true}]}}