{"id":1580,"date":"2019-01-23T18:35:25","date_gmt":"2019-01-23T11:35:25","guid":{"rendered":"http:\/\/21911.nhandh.vinawebsite.vn\/?post_type=product&#038;p=1580"},"modified":"2026-04-16T16:15:35","modified_gmt":"2026-04-16T09:15:35","slug":"zls100hi","status":"publish","type":"product","link":"https:\/\/ductrico.com\/zh-hans\/product\/zls100hi\/","title":{"rendered":"M\u00c1Y N\u00c9N KH\u00cd TR\u1ee4C V\u00cdT BI\u1ebeN T\u1ea6N ZLS100Hi+"},"content":{"rendered":"<p><img decoding=\"async\" class=\"alignnone size-medium wp-image-2228\" src=\"http:\/\/ductrico.com\/wp-content\/uploads\/2019\/08\/z1502253662085_b90b944aa1ccf551b86f8e5fac170d27-324x400.png\" alt=\"\" width=\"324\" height=\"400\" \/><\/p>\n<p><img decoding=\"async\" class=\"alignnone size-medium wp-image-1454\" src=\"http:\/\/ductrico.com\/wp-content\/uploads\/2019\/01\/zls-hi2-303x400.jpg\" alt=\"\" width=\"303\" height=\"400\" \/><\/p>\n<p><img decoding=\"async\" class=\"alignnone size-medium wp-image-2218\" src=\"http:\/\/ductrico.com\/wp-content\/uploads\/2019\/01\/ZLS100HI.-533x400.jpg\" alt=\"\" width=\"533\" height=\"400\" \/><\/p>\n<p><img decoding=\"async\" class=\"alignnone size-medium wp-image-2222\" src=\"http:\/\/ductrico.com\/wp-content\/uploads\/2019\/01\/z1409388876992_4e0a21340feaadfa3f30cd45b489152a-533x400.jpg\" alt=\"\" width=\"533\" height=\"400\" \/><\/p>\n<p><img decoding=\"async\" class=\"wp-image-1570 size-full aligncenter\" src=\"http:\/\/21911.nhandh.vinawebsite.vn\/wp-content\/uploads\/2019\/01\/technical.png\" alt=\"\" width=\"624\" height=\"442\" \/> <img decoding=\"async\" class=\"wp-image-1573 aligncenter\" src=\"http:\/\/ductrico.com\/wp-content\/uploads\/2019\/01\/tech1.png\" alt=\"\" width=\"624\" height=\"401\" \/><\/p>\n","protected":false},"excerpt":{"rendered":"","protected":false},"featured_media":3240,"comment_status":"open","ping_status":"closed","template":"","meta":[],"product_brand":[],"product_cat":[188,105,173],"product_tag":[],"class_list":{"0":"post-1580","1":"product","2":"type-product","3":"status-publish","4":"has-post-thumbnail","6":"product_cat-may-nen-khi-truc-vit-dong-truc-motor-giai-nhiet-nuoc-zh-hans","7":"product_cat-jaguar-zh-hans","8":"product_cat-173","10":"first","11":"instock","12":"shipping-taxable","13":"product-type-simple"},"yoast_head":"<!-- This site is optimized with the Yoast SEO plugin v24.7 - https:\/\/yoast.com\/wordpress\/plugins\/seo\/ -->\n<title>M\u00c1Y N\u00c9N KH\u00cd TR\u1ee4C V\u00cdT BI\u1ebeN T\u1ea6N ZLS100Hi+ - ductrico.com<\/title>\n<meta name=\"robots\" content=\"index, follow, max-snippet:-1, max-image-preview:large, max-video-preview:-1\" \/>\n<link rel=\"canonical\" href=\"http:\/\/ductrico.com\/zh-hans\/product\/zls100hi\/\" \/>\n<meta property=\"og:locale\" content=\"zh_CN\" \/>\n<meta property=\"og:type\" content=\"article\" \/>\n<meta property=\"og:title\" content=\"M\u00c1Y N\u00c9N KH\u00cd TR\u1ee4C V\u00cdT BI\u1ebeN T\u1ea6N ZLS100Hi+ - ductrico.com\" \/>\n<meta property=\"og:url\" content=\"http:\/\/ductrico.com\/zh-hans\/product\/zls100hi\/\" \/>\n<meta property=\"og:site_name\" content=\"ductrico.com\" \/>\n<meta property=\"article:modified_time\" content=\"2026-04-16T09:15:35+00:00\" \/>\n<meta property=\"og:image\" content=\"http:\/\/ductrico.com\/wp-content\/uploads\/2019\/01\/ZLS100HI-1.jpg\" \/>\n\t<meta property=\"og:image:width\" content=\"1080\" \/>\n\t<meta property=\"og:image:height\" content=\"1127\" \/>\n\t<meta property=\"og:image:type\" content=\"image\/jpeg\" \/>\n<meta name=\"twitter:card\" content=\"summary_large_image\" \/>\n<script type=\"application\/ld+json\" class=\"yoast-schema-graph\">{\"@context\":\"https:\/\/schema.org\",\"@graph\":[{\"@type\":\"WebPage\",\"@id\":\"http:\/\/ductrico.com\/zh-hans\/product\/zls100hi\/\",\"url\":\"http:\/\/ductrico.com\/zh-hans\/product\/zls100hi\/\",\"name\":\"M\u00c1Y N\u00c9N KH\u00cd TR\u1ee4C V\u00cdT BI\u1ebeN T\u1ea6N ZLS100Hi+ - ductrico.com\",\"isPartOf\":{\"@id\":\"http:\/\/ductrico.com\/en\/#website\"},\"primaryImageOfPage\":{\"@id\":\"http:\/\/ductrico.com\/zh-hans\/product\/zls100hi\/#primaryimage\"},\"image\":{\"@id\":\"http:\/\/ductrico.com\/zh-hans\/product\/zls100hi\/#primaryimage\"},\"thumbnailUrl\":\"https:\/\/ductrico.com\/wp-content\/uploads\/2019\/01\/ZLS100HI-1.jpg\",\"datePublished\":\"2019-01-23T11:35:25+00:00\",\"dateModified\":\"2026-04-16T09:15:35+00:00\",\"breadcrumb\":{\"@id\":\"http:\/\/ductrico.com\/zh-hans\/product\/zls100hi\/#breadcrumb\"},\"inLanguage\":\"zh-Hans\",\"potentialAction\":[{\"@type\":\"ReadAction\",\"target\":[\"http:\/\/ductrico.com\/zh-hans\/product\/zls100hi\/\"]}]},{\"@type\":\"ImageObject\",\"inLanguage\":\"zh-Hans\",\"@id\":\"http:\/\/ductrico.com\/zh-hans\/product\/zls100hi\/#primaryimage\",\"url\":\"https:\/\/ductrico.com\/wp-content\/uploads\/2019\/01\/ZLS100HI-1.jpg\",\"contentUrl\":\"https:\/\/ductrico.com\/wp-content\/uploads\/2019\/01\/ZLS100HI-1.jpg\",\"width\":1080,\"height\":1127},{\"@type\":\"BreadcrumbList\",\"@id\":\"http:\/\/ductrico.com\/zh-hans\/product\/zls100hi\/#breadcrumb\",\"itemListElement\":[{\"@type\":\"ListItem\",\"position\":1,\"name\":\"Home\",\"item\":\"https:\/\/ductrico.com\/zh-hans\/\"},{\"@type\":\"ListItem\",\"position\":2,\"name\":\"Shop\",\"item\":\"https:\/\/ductrico.com\/zh-hans\/shop\/\"},{\"@type\":\"ListItem\",\"position\":3,\"name\":\"M\u00c1Y N\u00c9N KH\u00cd TR\u1ee4C V\u00cdT BI\u1ebeN T\u1ea6N ZLS100Hi+\"}]},{\"@type\":\"WebSite\",\"@id\":\"http:\/\/ductrico.com\/en\/#website\",\"url\":\"http:\/\/ductrico.com\/en\/\",\"name\":\"ductrico.com\",\"description\":\"\",\"potentialAction\":[{\"@type\":\"SearchAction\",\"target\":{\"@type\":\"EntryPoint\",\"urlTemplate\":\"http:\/\/ductrico.com\/en\/?s={search_term_string}\"},\"query-input\":{\"@type\":\"PropertyValueSpecification\",\"valueRequired\":true,\"valueName\":\"search_term_string\"}}],\"inLanguage\":\"zh-Hans\"}]}<\/script>\n<!-- \/ Yoast SEO plugin. -->","yoast_head_json":{"title":"M\u00c1Y N\u00c9N KH\u00cd TR\u1ee4C V\u00cdT BI\u1ebeN T\u1ea6N ZLS100Hi+ - ductrico.com","robots":{"index":"index","follow":"follow","max-snippet":"max-snippet:-1","max-image-preview":"max-image-preview:large","max-video-preview":"max-video-preview:-1"},"canonical":"http:\/\/ductrico.com\/zh-hans\/product\/zls100hi\/","og_locale":"zh_CN","og_type":"article","og_title":"M\u00c1Y N\u00c9N KH\u00cd TR\u1ee4C V\u00cdT BI\u1ebeN T\u1ea6N ZLS100Hi+ - ductrico.com","og_url":"http:\/\/ductrico.com\/zh-hans\/product\/zls100hi\/","og_site_name":"ductrico.com","article_modified_time":"2026-04-16T09:15:35+00:00","og_image":[{"width":1080,"height":1127,"url":"http:\/\/ductrico.com\/wp-content\/uploads\/2019\/01\/ZLS100HI-1.jpg","type":"image\/jpeg"}],"twitter_card":"summary_large_image","schema":{"@context":"https:\/\/schema.org","@graph":[{"@type":"WebPage","@id":"http:\/\/ductrico.com\/zh-hans\/product\/zls100hi\/","url":"http:\/\/ductrico.com\/zh-hans\/product\/zls100hi\/","name":"M\u00c1Y N\u00c9N KH\u00cd TR\u1ee4C V\u00cdT BI\u1ebeN T\u1ea6N ZLS100Hi+ - ductrico.com","isPartOf":{"@id":"http:\/\/ductrico.com\/en\/#website"},"primaryImageOfPage":{"@id":"http:\/\/ductrico.com\/zh-hans\/product\/zls100hi\/#primaryimage"},"image":{"@id":"http:\/\/ductrico.com\/zh-hans\/product\/zls100hi\/#primaryimage"},"thumbnailUrl":"https:\/\/ductrico.com\/wp-content\/uploads\/2019\/01\/ZLS100HI-1.jpg","datePublished":"2019-01-23T11:35:25+00:00","dateModified":"2026-04-16T09:15:35+00:00","breadcrumb":{"@id":"http:\/\/ductrico.com\/zh-hans\/product\/zls100hi\/#breadcrumb"},"inLanguage":"zh-Hans","potentialAction":[{"@type":"ReadAction","target":["http:\/\/ductrico.com\/zh-hans\/product\/zls100hi\/"]}]},{"@type":"ImageObject","inLanguage":"zh-Hans","@id":"http:\/\/ductrico.com\/zh-hans\/product\/zls100hi\/#primaryimage","url":"https:\/\/ductrico.com\/wp-content\/uploads\/2019\/01\/ZLS100HI-1.jpg","contentUrl":"https:\/\/ductrico.com\/wp-content\/uploads\/2019\/01\/ZLS100HI-1.jpg","width":1080,"height":1127},{"@type":"BreadcrumbList","@id":"http:\/\/ductrico.com\/zh-hans\/product\/zls100hi\/#breadcrumb","itemListElement":[{"@type":"ListItem","position":1,"name":"Home","item":"https:\/\/ductrico.com\/zh-hans\/"},{"@type":"ListItem","position":2,"name":"Shop","item":"https:\/\/ductrico.com\/zh-hans\/shop\/"},{"@type":"ListItem","position":3,"name":"M\u00c1Y N\u00c9N KH\u00cd TR\u1ee4C V\u00cdT BI\u1ebeN T\u1ea6N ZLS100Hi+"}]},{"@type":"WebSite","@id":"http:\/\/ductrico.com\/en\/#website","url":"http:\/\/ductrico.com\/en\/","name":"ductrico.com","description":"","potentialAction":[{"@type":"SearchAction","target":{"@type":"EntryPoint","urlTemplate":"http:\/\/ductrico.com\/en\/?s={search_term_string}"},"query-input":{"@type":"PropertyValueSpecification","valueRequired":true,"valueName":"search_term_string"}}],"inLanguage":"zh-Hans"}]}},"_links":{"self":[{"href":"https:\/\/ductrico.com\/zh-hans\/wp-json\/wp\/v2\/product\/1580","targetHints":{"allow":["GET"]}}],"collection":[{"href":"https:\/\/ductrico.com\/zh-hans\/wp-json\/wp\/v2\/product"}],"about":[{"href":"https:\/\/ductrico.com\/zh-hans\/wp-json\/wp\/v2\/types\/product"}],"replies":[{"embeddable":true,"href":"https:\/\/ductrico.com\/zh-hans\/wp-json\/wp\/v2\/comments?post=1580"}],"wp:featuredmedia":[{"embeddable":true,"href":"https:\/\/ductrico.com\/zh-hans\/wp-json\/wp\/v2\/media\/3240"}],"wp:attachment":[{"href":"https:\/\/ductrico.com\/zh-hans\/wp-json\/wp\/v2\/media?parent=1580"}],"wp:term":[{"taxonomy":"product_brand","embeddable":true,"href":"https:\/\/ductrico.com\/zh-hans\/wp-json\/wp\/v2\/product_brand?post=1580"},{"taxonomy":"product_cat","embeddable":true,"href":"https:\/\/ductrico.com\/zh-hans\/wp-json\/wp\/v2\/product_cat?post=1580"},{"taxonomy":"product_tag","embeddable":true,"href":"https:\/\/ductrico.com\/zh-hans\/wp-json\/wp\/v2\/product_tag?post=1580"}],"curies":[{"name":"wp","href":"https:\/\/api.w.org\/{rel}","templated":true}]}}